{"id":58,"date":"2023-10-02T14:48:30","date_gmt":"2023-10-02T12:48:30","guid":{"rendered":"https:\/\/dronev.fr\/?page_id=58"},"modified":"2026-02-12T17:15:16","modified_gmt":"2026-02-12T16:15:16","slug":"prestations","status":"publish","type":"page","link":"https:\/\/dronev.fr\/index.php\/prestations\/","title":{"rendered":"Prestations"},"content":{"rendered":"\n<div class=\"wp-block-columns is-layout-flex wp-container-core-columns-is-layout-28f84493 wp-block-columns-is-layout-flex\">\n<div class=\"wp-block-column is-layout-flow wp-block-column-is-layout-flow\" style=\"flex-basis:33.34%\">\n<h2 class=\"wp-block-heading has-text-align-center has-light-green-cyan-color has-text-color has-large-font-size\" style=\"font-style:normal;font-weight:800\"><strong>Offre PHOTO: <\/strong><\/h2>\n\n\n\n<hr class=\"wp-block-separator has-alpha-channel-opacity\"\/>\n\n\n\n<h2 class=\"wp-block-heading has-text-align-center has-x-large-font-size\"><strong>indisponible<\/strong><\/h2>\n\n\n\n<p class=\"has-medium-font-size\"><strong>Prise de vues a\u00e9riennes (photos brutes et retouch\u00e9es fournies)<\/strong><\/p>\n<\/div>\n\n\n\n<div class=\"wp-block-column is-layout-flow wp-block-column-is-layout-flow\" style=\"flex-basis:33.34%\">\n<h2 class=\"wp-block-heading has-text-align-center has-light-green-cyan-color has-text-color has-large-font-size\" style=\"font-style:normal;font-weight:800\"><strong>Offre <\/strong><strong>VID\u00c9O: <\/strong><\/h2>\n\n\n\n<hr class=\"wp-block-separator has-alpha-channel-opacity\"\/>\n\n\n\n<h1 class=\"wp-block-heading has-text-align-center has-x-large-font-size\"><strong>indisponible<\/strong><\/h1>\n\n\n\n<p class=\"has-medium-font-size\"><strong>Clip sur un seul lieu de tournage (rushs et montage final fournis)<\/strong><\/p>\n<\/div>\n\n\n\n<div class=\"wp-block-column is-layout-flow wp-block-column-is-layout-flow\" style=\"flex-basis:33.34%\">\n<h2 class=\"wp-block-heading has-text-align-center has-light-green-cyan-color has-text-color has-large-font-size\" style=\"font-style:normal;font-weight:800\"><strong>Sur-mesure: <\/strong><\/h2>\n\n\n\n<hr class=\"wp-block-separator has-alpha-channel-opacity\"\/>\n\n\n\n<h1 class=\"wp-block-heading has-text-align-center has-x-large-font-size\"><strong>indisponible<\/strong><\/h1>\n\n\n\n<h2 class=\"wp-block-heading has-medium-font-size\" id=\"block-28e5bebc-8614-4cb7-a9df-aaf91cdaa9d8\"><strong>Couverture d&rsquo;\u00e9v\u00e8nement priv\u00e9: mariage, sortie sportive&#8230;<br>Couverture d&rsquo;\u00e9v\u00e8nement public<\/strong><\/h2>\n<\/div>\n<\/div>\n\n\n\n<hr class=\"wp-block-separator has-alpha-channel-opacity is-style-wide\"\/>\n\n\n\n<p>N&rsquo;h\u00e9sitez pas \u00e0 nous contacter afin d&rsquo;identifier vos besoins et d&rsquo;\u00e9tablir un devis<\/p>\n","protected":false},"excerpt":{"rendered":"<p>Offre PHOTO: indisponible Prise de vues a\u00e9riennes (photos brutes et retouch\u00e9es fournies) Offre VID\u00c9O: indisponible Clip sur un seul lieu de tournage (rushs et montage final fournis) Sur-mesure: indisponible Couverture d&rsquo;\u00e9v\u00e8nement priv\u00e9: mariage, sortie sportive&#8230;Couverture d&rsquo;\u00e9v\u00e8nement public N&rsquo;h\u00e9sitez pas \u00e0 nous contacter afin d&rsquo;identifier vos besoins et d&rsquo;\u00e9tablir un devis<\/p>\n","protected":false},"author":1,"featured_media":0,"parent":0,"menu_order":0,"comment_status":"closed","ping_status":"closed","template":"","meta":{"_inspiro_hide_title":false,"footnotes":""},"class_list":["post-58","page","type-page","status-publish","hentry"],"_links":{"self":[{"href":"https:\/\/dronev.fr\/index.php\/wp-json\/wp\/v2\/pages\/58","targetHints":{"allow":["GET"]}}],"collection":[{"href":"https:\/\/dronev.fr\/index.php\/wp-json\/wp\/v2\/pages"}],"about":[{"href":"https:\/\/dronev.fr\/index.php\/wp-json\/wp\/v2\/types\/page"}],"author":[{"embeddable":true,"href":"https:\/\/dronev.fr\/index.php\/wp-json\/wp\/v2\/users\/1"}],"replies":[{"embeddable":true,"href":"https:\/\/dronev.fr\/index.php\/wp-json\/wp\/v2\/comments?post=58"}],"version-history":[{"count":16,"href":"https:\/\/dronev.fr\/index.php\/wp-json\/wp\/v2\/pages\/58\/revisions"}],"predecessor-version":[{"id":138,"href":"https:\/\/dronev.fr\/index.php\/wp-json\/wp\/v2\/pages\/58\/revisions\/138"}],"wp:attachment":[{"href":"https:\/\/dronev.fr\/index.php\/wp-json\/wp\/v2\/media?parent=58"}],"curies":[{"name":"wp","href":"https:\/\/api.w.org\/{rel}","templated":true}]}}